{"id":2,"date":"2015-08-30T14:17:15","date_gmt":"2015-08-30T12:17:15","guid":{"rendered":"http:\/\/wolfgang-wasser.de\/?page_id=2"},"modified":"2025-07-24T18:27:59","modified_gmt":"2025-07-24T16:27:59","slug":"beispiel-seite","status":"publish","type":"page","link":"https:\/\/wolfgang-wasser.de\/?page_id=2","title":{"rendered":"\u00dcber mich"},"content":{"rendered":"<p><span style=\"font-family: Arial, sans-serif;\">Als pensionierter Lehrer habe ich mehr Zeit, mich dem zu widmen, was unter dem Oberbegriff <b>\u201eKleinkunst\u201c<\/b> zu fassen ist. In erster Linie bedeutet das: <b>Lesungen<\/b> mit eigenen oder auch mit Texten namhafter Schriftsteller. <b>Moderationen<\/b> und\/oder literarische Begleitung von Konzerten mit <b>Rezitationen<\/b>.<\/span><\/p>\n<p><span style=\"font-family: Arial, sans-serif;\">Schon als Gymnasiast konnte ich weniger mit mathematischen oder fremdsprachlichen F\u00e4higkeiten gl\u00e4nzen als vielmehr mit Imitationen und Parodien von Lehrern oder Personen des \u00f6ffentlichen Lebens. <\/span><\/p>\n<p><span style=\"font-family: Arial, sans-serif;\">Meine journalistischen Schnupperaktivit\u00e4ten in den Semesterferien waren zwar ganz sch\u00f6n, trotzdem wurde ich Lehrer.<\/span><\/p>\n<p><span style=\"font-family: Arial, sans-serif;\">Als solcher konnte ich die Freude am Parodieren, am (Um-) Schreiben und Inszenieren kleinerer und gr\u00f6\u00dferer Theaterst\u00fccke auch immer wieder Sch\u00fclern vermitteln, um mit ihnen gemeinsam kleine Szenen zu gestalten und aufzuf\u00fchren. Was zun\u00e4chst mit kurzen Auftritten im Rahmen von Abschlussfeiern begann, m\u00fcndete bald in fest etablierten Theater-AGs mit zahlreichen Auff\u00fchrungen.<\/span><\/p>\n<p><span style=\"font-family: Arial, sans-serif;\">Aber auch au\u00dferhalb der Schule wurde das Wirken auf B\u00fchnen in den 80er-Jahren f\u00fcr mich immer wichtiger \u2013 als Darsteller, Regisseur, Rezitaror, Moderator und Autor. 1993 war ich Mitbegr\u00fcnder des R\u00f6srather Theaterensembles <strong>B\u00dcHNE 11-hundert ( <a href=\"http:\/\/www.buehne-11-hundert.de\">http:\/\/www.buehne-11-hundert.de )<\/a><\/strong>, das ich bis Ende 2014 leitete und dem ich noch heute angeh\u00f6re.<br \/>\n<\/span><\/p>\n<p><span style=\"font-family: Arial, sans-serif;\">Bei all meinen k\u00fcnstlerisch-kreativen T\u00e4tigkeiten hat sich in den letzten Jahren ein gro\u00dfes Vorbild f\u00fcr mich herauskristallisiert: <b>Hanns Dieter <\/b><strong>H\u00fcsch.<\/strong><\/span><\/p>\n","protected":false},"excerpt":{"rendered":"<p>Als pensionierter Lehrer habe ich mehr Zeit, mich dem zu widmen, was unter dem Oberbegriff \u201eKleinkunst\u201c zu fassen ist. In erster Linie bedeutet das: Lesungen mit eigenen oder auch mit Texten namhafter Schriftsteller. Moderationen und\/oder literarische Begleitung von Konzerten mit Rezitationen. Schon als Gymnasiast konnte ich weniger mit mathematischen oder fremdsprachlichen F\u00e4higkeiten gl\u00e4nzen als vielmehr [&hellip;]<\/p>\n","protected":false},"author":1,"featured_media":0,"parent":0,"menu_order":0,"comment_status":"closed","ping_status":"closed","template":"","meta":[],"_links":{"self":[{"href":"https:\/\/wolfgang-wasser.de\/index.php?rest_route=\/wp\/v2\/pages\/2"}],"collection":[{"href":"https:\/\/wolfgang-wasser.de\/index.php?rest_route=\/wp\/v2\/pages"}],"about":[{"href":"https:\/\/wolfgang-wasser.de\/index.php?rest_route=\/wp\/v2\/types\/page"}],"author":[{"embeddable":true,"href":"https:\/\/wolfgang-wasser.de\/index.php?rest_route=\/wp\/v2\/users\/1"}],"replies":[{"embeddable":true,"href":"https:\/\/wolfgang-wasser.de\/index.php?rest_route=%2Fwp%2Fv2%2Fcomments&post=2"}],"version-history":[{"count":9,"href":"https:\/\/wolfgang-wasser.de\/index.php?rest_route=\/wp\/v2\/pages\/2\/revisions"}],"predecessor-version":[{"id":351,"href":"https:\/\/wolfgang-wasser.de\/index.php?rest_route=\/wp\/v2\/pages\/2\/revisions\/351"}],"wp:attachment":[{"href":"https:\/\/wolfgang-wasser.de\/index.php?rest_route=%2Fwp%2Fv2%2Fmedia&parent=2"}],"curies":[{"name":"wp","href":"https:\/\/api.w.org\/{rel}","templated":true}]}}