{"id":11,"date":"2015-08-30T14:59:11","date_gmt":"2015-08-30T12:59:11","guid":{"rendered":"http:\/\/wolfgang-wasser.de\/?page_id=11"},"modified":"2023-04-21T16:19:34","modified_gmt":"2023-04-21T14:19:34","slug":"impressum","status":"publish","type":"page","link":"https:\/\/wolfgang-wasser.de\/?page_id=11","title":{"rendered":"Impressum"},"content":{"rendered":"<p>Wolfgang Wasser<br \/>\nHauptstr 273<br \/>\n51503\u00a0R\u00f6srath<\/p>\n<p>E-Mail: <a href=\"mailto:mail@wolfgang-wasser.de\">mail@wolfgang-wasser.de<\/a><\/p>\n<h3 class=\"entry-title\">Disclaimer \u2013 rechtliche Hinweise<\/h3>\n<p>\u00a7 1 Haftungsbeschr\u00e4nkung<br \/>\nDie Inhalte dieser Website werden mit gr\u00f6\u00dftm\u00f6glicher Sorgfalt erstellt. Der<br \/>\nAnbieter \u00fcbernimmt jedoch keine Gew\u00e4hr f\u00fcr die Richtigkeit, Vollst\u00e4ndigkeit<br \/>\nund Aktualit\u00e4t der bereitgestellten Inhalte. Die Nutzung der Inhalte der<br \/>\nWebsite erfolgt auf eigene Gefahr des Nutzers. Namentlich gekennzeichnete<br \/>\nBeitr\u00e4ge geben die Meinung des jeweiligen Autors und nicht immer die Meinung<br \/>\ndes Anbieters wieder. Mit der reinen Nutzung der Website des Anbieters kommt<br \/>\nkeinerlei Vertragsverh\u00e4ltnis zwischen dem Nutzer und dem Anbieter zustande.<\/p>\n<p>\u00a7 2 Externe Links<br \/>\nDiese Website enth\u00e4lt Verkn\u00fcpfungen zu Websites Dritter (&#8222;externe Links&#8220;).<br \/>\nDiese Websites unterliegen der Haftung der jeweiligen Betreiber. Der<br \/>\nAnbieter hat bei der erstmaligen Verkn\u00fcpfung der externen Links die fremden<br \/>\nInhalte daraufhin \u00fcberpr\u00fcft, ob etwaige Rechtsverst\u00f6\u00dfe bestehen. Zu dem<br \/>\nZeitpunkt waren keine Rechtsverst\u00f6\u00dfe ersichtlich. Der Anbieter hat keinerlei<br \/>\nEinfluss auf die aktuelle und zuk\u00fcnftige Gestaltung und auf die Inhalte der<br \/>\nverkn\u00fcpften Seiten. Das Setzen von externen Links bedeutet nicht, dass sich<br \/>\nder Anbieter die hinter dem Verweis oder Link liegenden Inhalte zu Eigen<br \/>\nmacht. Eine st\u00e4ndige Kontrolle der externen Links ist f\u00fcr den Anbieter ohne<br \/>\nkonkrete Hinweise auf Rechtsverst\u00f6\u00dfe nicht zumutbar. Bei Kenntnis von<br \/>\nRechtsverst\u00f6\u00dfen werden jedoch derartige externe Links unverz\u00fcglich gel\u00f6scht.<\/p>\n<p>\u00a7 3 Urheber- und Leistungsschutzrechte<br \/>\nDie auf dieser Website ver\u00f6ffentlichten Inhalte unterliegen dem deutschen<br \/>\nUrheber- und Leistungsschutzrecht. Jede vom deutschen Urheber- und<br \/>\nLeistungsschutzrecht nicht zugelassene Verwertung bedarf der vorherigen<br \/>\nschriftlichen Zustimmung des Anbieters oder jeweiligen Rechteinhabers. Dies<br \/>\ngilt insbesondere f\u00fcr Vervielf\u00e4ltigung, Bearbeitung, \u00dcbersetzung,<br \/>\nEinspeicherung, Verarbeitung bzw. Wiedergabe von Inhalten in Datenbanken<br \/>\noder anderen elektronischen Medien und Systemen. Inhalte und Rechte Dritter<br \/>\nsind dabei als solche gekennzeichnet. Die unerlaubte Vervielf\u00e4ltigung oder<br \/>\nWeitergabe einzelner Inhalte oder kompletter Seiten ist nicht gestattet und<br \/>\nstrafbar. Lediglich die Herstellung von Kopien und Downloads f\u00fcr den<br \/>\npers\u00f6nlichen, privaten und nicht kommerziellen Gebrauch ist erlaubt.<\/p>\n<p>Die Darstellung dieser Website in fremden Frames ist nur mit schriftlicher<br \/>\nErlaubnis zul\u00e4ssig.<\/p>\n<p>\u00a7 4 Besondere Nutzungsbedingungen<br \/>\nSoweit besondere Bedingungen f\u00fcr einzelne Nutzungen dieser Website von den<br \/>\nvorgenannten Paragraphen abweichen, wird an entsprechender Stelle<br \/>\nausdr\u00fccklich darauf hingewiesen. In diesem Falle gelten im jeweiligen<br \/>\nEinzelfall die besonderen Nutzungsbedingungen.<\/p>\n<p>Quelle: <a href=\"http:\/\/www.juraforum.de\/impressum-generator\/\">Impressum Vorlage<\/a> von der <a href=\"http:\/\/www.juraforum.de\/rechtsanwalt\/anwalt-roesrath\/\">Anwaltssuche von Juraforum.de<\/a> in Ihrer N\u00e4he.<\/p>\n","protected":false},"excerpt":{"rendered":"<p>Wolfgang Wasser Hauptstr 273 51503\u00a0R\u00f6srath E-Mail: mail@wolfgang-wasser.de Disclaimer \u2013 rechtliche Hinweise \u00a7 1 Haftungsbeschr\u00e4nkung Die Inhalte dieser Website werden mit gr\u00f6\u00dftm\u00f6glicher Sorgfalt erstellt. Der Anbieter \u00fcbernimmt jedoch keine Gew\u00e4hr f\u00fcr die Richtigkeit, Vollst\u00e4ndigkeit und Aktualit\u00e4t der bereitgestellten Inhalte. Die Nutzung der Inhalte der Website erfolgt auf eigene Gefahr des Nutzers. Namentlich gekennzeichnete Beitr\u00e4ge geben die [&hellip;]<\/p>\n","protected":false},"author":1,"featured_media":0,"parent":0,"menu_order":0,"comment_status":"closed","ping_status":"closed","template":"","meta":[],"_links":{"self":[{"href":"https:\/\/wolfgang-wasser.de\/index.php?rest_route=\/wp\/v2\/pages\/11"}],"collection":[{"href":"https:\/\/wolfgang-wasser.de\/index.php?rest_route=\/wp\/v2\/pages"}],"about":[{"href":"https:\/\/wolfgang-wasser.de\/index.php?rest_route=\/wp\/v2\/types\/page"}],"author":[{"embeddable":true,"href":"https:\/\/wolfgang-wasser.de\/index.php?rest_route=\/wp\/v2\/users\/1"}],"replies":[{"embeddable":true,"href":"https:\/\/wolfgang-wasser.de\/index.php?rest_route=%2Fwp%2Fv2%2Fcomments&post=11"}],"version-history":[{"count":11,"href":"https:\/\/wolfgang-wasser.de\/index.php?rest_route=\/wp\/v2\/pages\/11\/revisions"}],"predecessor-version":[{"id":348,"href":"https:\/\/wolfgang-wasser.de\/index.php?rest_route=\/wp\/v2\/pages\/11\/revisions\/348"}],"wp:attachment":[{"href":"https:\/\/wolfgang-wasser.de\/index.php?rest_route=%2Fwp%2Fv2%2Fmedia&parent=11"}],"curies":[{"name":"wp","href":"https:\/\/api.w.org\/{rel}","templated":true}]}}